{"id":197,"date":"2017-09-06T15:27:43","date_gmt":"2017-09-06T12:27:43","guid":{"rendered":"http:\/\/www.viktoriasaat.ee\/?page_id=197\/"},"modified":"2024-09-17T07:54:18","modified_gmt":"2024-09-17T04:54:18","slug":"%d0%bf%d0%be%d0%bb%d0%b5%d0%b7%d0%bd%d0%be%d0%b5","status":"publish","type":"page","link":"https:\/\/www.viktoriasaat.ee\/ru\/%d0%bf%d0%be%d0%bb%d0%b5%d0%b7%d0%bd%d0%be%d0%b5\/","title":{"rendered":"\u041f\u043e\u043b\u0435\u0437\u043d\u043e\u0435"},"content":{"rendered":"<p><strong>\u041d\u0435\u043a\u043e\u0442\u043e\u0440\u044b\u0435 \u0441\u0442\u0430\u0442\u044c\u0438 \u0438 \u0438\u043d\u0442\u0435\u0440\u0432\u044c\u044e<\/p>\n<p><\/strong><a href=\"https:\/\/menu.err.ee\/1609365062\/psuhholoog-viktoria-saat-oskus-oigesti-puhata-on-kingitus-iseendale\">Ps\u00fchholoog Viktoria Saat: oskus \u00f5igesti puhata on kingitus iseendale<\/a><strong><br \/>\n<\/strong><\/p>\n<p><a href=\"https:\/\/www.youtube.com\/watch?v=Xg6jYFbQJsk&amp;t=2s\">\u041f\u0441\u0438\u0445\u043e\u043b\u043e\u0433 \u0412\u0438\u043a\u0442\u043e\u0440\u0438\u044f \u0421\u0430\u0430\u0442: \u041a\u043e\u043b\u043b\u0435\u043a\u0442\u0438\u0432\u043d\u044b\u0435 \u0442\u0440\u0430\u0432\u043c\u044b, &#171;\u0420\u0430\u0431\u043e\u0442\u0430 \u0441 \u041c\u0438\u0440\u043e\u043c&#187;, \u0436\u0438\u0437\u043d\u044c \u0441 \u043f\u0440\u043e\u0442\u0438\u0432\u043e\u043f\u043e\u043b\u043e\u0436\u043d\u043e\u0441\u0442\u044f\u043c\u0438<\/a><\/p>\n<p><a href=\"https:\/\/pare.ee\/usalduse-ja-seotuse-tunde-hoidmine-meeskonnas\/?fbclid=IwAR1H3oINB--_XTbxkk9qIPBvzhoguw1PrUq32tH7vTpZQtS0jSFLTDzQCIc\" target=\"_blank\" rel=\"noopener\">Usalduse ja seotuse tunde hoidmine meeskonnas (ka virtuaalses)<\/a><\/p>\n<p><a href=\"https:\/\/www.viktoriasaat.ee\/teenused\/ei-meeldi-saada-tagasisidet-siin-on-lahendus\/\">Kuidas luua toimiv tagasiside kultuur?<\/a><\/p>\n<p><a href=\"http:\/\/www.konverentsid.ee\/uudised\/2018\/05\/28\/juhtimislabor-aripaeva-raadios-kas-tipus-olla-on-paratamatult-uksildane\">Juhtimislabor \u00c4rip\u00e4eva raadios: &#171;Kas tipus olla on paratamatult \u00fcksildane&#187;<\/a><\/p>\n<p><a href=\"https:\/\/www.viktoriasaat.ee\/wp-content\/uploads\/2017\/09\/Kuidas-juht-firma-tulemusi-n\u00f5rgestab.\u00c4rip\u00e4ev.pdf\">Kuidas juht firma tulemusi n\u00f5rgestab.\u00c4rip\u00e4ev<\/a><\/p>\n<p><a href=\"http:\/\/www.personaliuudised.ee\/uudised\/2018\/01\/15\/kuidas-juht-firma-tulemusi-norgestab\">Kuidas juht firma tulemusi n\u00f5rgestab\u00a0<\/a><\/p>\n<p><a href=\"http:\/\/www.personaliuudised.ee\/uudised\/2017\/08\/23\/voimuintelligentsus-kui-juhtimiskompetents-ning-selle-arendamine-juhtidel-ja-dirigentidel?utm_medium=article&amp;utm_campaign=button&amp;utm_source=Facebook.com\">V\u00f5imuintelligentsus kui juhtimiskompetents ning selle arendamine juhtidel ja dirigentidel <\/a><\/p>\n<p><a href=\"http:\/\/www.valkiainen.ee\/blogi\/viktoria-saat-edukad-juhid-on-omaks-votnud-suvademokraatia-pohimotte\">Viktoria Saat: edukad juhid on omaks v\u00f5tnud s\u00fcvademokraatia p\u00f5him\u00f5tte\u00a0 &#8212; intervjuu Veiko Valkiaineniga\u00a0\u00a0<\/a><\/p>\n<p><a href=\"http:\/\/www.viktoriasaat.ee\/wp-content\/uploads\/2017\/09\/Kuidas-konfliktiga-mitte-konfliktis-olla.pdf\">Kuidas konfliktiga mitte konfliktis olla <\/a><\/p>\n<p><a href=\"https:\/\/www.viktoriasaat.ee\/wp-content\/uploads\/2017\/09\/Suhtlus-h\u00e4vitab-suhte.pdf\">Suhtlus h\u00e4vitab suhte <\/a><\/p>\n<p><a href=\"http:\/\/www.pare.ee\/uudis\/6917\">M\u00f5juv\u00f5imu probleemide k\u00f5rge hind organisatsioonis<\/a><\/p>\n<p><a href=\"https:\/\/www.viktoriasaat.ee\/wp-content\/uploads\/2017\/09\/Teadlik-Suhe.-Katkend-ajakirjast-Hingele-pai-s\u00fcgis-2017.pdf\">Teadlik Suhe. Katkend ajakirjast Hingele pai, s\u00fcgis 2017<\/a><\/p>\n<p><a href=\"http:\/\/www.viktoriasaat.ee\/wp-content\/uploads\/2017\/09\/Tahaks-aega-tagasi-keerata.pdf\">Tahaks aega tagasi keerata Kuidas toime tulla kahetsuste ja s\u00fc\u00fctundega? (PDF)<br \/>\n<\/a><\/p>\n<p><strong>Raamat\u00a0<\/strong><\/p>\n<p>&#171;Suhte alkeemia&#187;, Eesti Ajalehed, 2010<\/p>\n<p><img loading=\"lazy\" decoding=\"async\" class=\"alignnone wp-image-408\" src=\"https:\/\/www.viktoriasaat.ee\/wp-content\/uploads\/2017\/09\/suhte-alkeemia-esikaas.jpg\" alt=\"\" width=\"169\" height=\"245\" srcset=\"https:\/\/www.viktoriasaat.ee\/wp-content\/uploads\/2017\/09\/suhte-alkeemia-esikaas.jpg 551w, https:\/\/www.viktoriasaat.ee\/wp-content\/uploads\/2017\/09\/suhte-alkeemia-esikaas-207x300.jpg 207w\" sizes=\"auto, (max-width: 169px) 100vw, 169px\" \/><\/p>\n<p><strong>\u041a\u043d\u0438\u0433\u0438 \u0438 \u043b\u044e\u0434\u0438, \u043a\u043e\u0442\u043e\u0440\u044b\u0435 \u043e\u043a\u0430\u0437\u0430\u043b\u0438 \u043d\u0430 \u043c\u0435\u043d\u044f \u043d\u0430\u0438\u0431\u043e\u043b\u044c\u0448\u0435\u0435 \u0432\u043b\u0438\u044f\u043d\u0438\u0435:<\/strong><\/p>\n<p><a href=\"https:\/\/en.wikipedia.org\/wiki\/Tao_Te_Ching\">Tao Te Ching<\/a>, &#171;Memories, Dreams, Reflections&#187; ja teised\u00a0<a href=\"https:\/\/en.wikipedia.org\/wiki\/Carl_Jung\">C.G.Jung<\/a> raamatud, &#171;<a href=\"https:\/\/en.wikipedia.org\/wiki\/Flow_(psychology)\">Flow<\/a>: The Psychology of Optimal Experience&#187;\u00a0Mihaly Csikszentmihalyi, &#171;The Shaman&#8217;s Body: A New Shamanism for Transforming Health, Relationships, and the Community&#187; ja k\u00f5ik teised A<a href=\"http:\/\/www.aamindell.net\">rnold Mindell<\/a>i <a href=\"http:\/\/www.aamindell.net\/books-by-arnold-mindell\">raamatud<\/a>, &#171;<a href=\"https:\/\/pood.aripaev.ee\/voim-kasutaja-kasiraamat\">V\u00f5im. Kasutaja k\u00e4siraamat<\/a>&#187; <a href=\"http:\/\/juliediamond.net\/\">Julie Diamond<\/a>, &#171;The Leading Brain&#187; Friederike Fabritius, &#171;Neuroscience for Organisational Change&#187; Hilary Scarlett, &#171;Lingvistiline mets&#187; Valdur Mikita, &#171;Raising Parents, Raising Kids&#187; <a href=\"http:\/\/www.dawnmenken.com\/\">Dawn Menken<\/a>, &#171;Alternative to Therapy&#187;, &#171;Metaskills&#187; Amy Mindell, &#171;Alice&#8217;s Adventures in Wonderland&#187;\u00a0<span data-ved=\"2ahUKEwjhrujl5MfdAhUiiIsKHQloA0IQ2kooAjAdegQIBxAO\">Lewis Carroll, &#171;\u0427\u0435\u043c\u043e\u0434\u0430\u043d&#187;, &#171;\u041a\u043e\u043c\u043f\u0440\u043e\u043c\u0438\u0441\u0441&#187; ja teised <a href=\"https:\/\/et.wikipedia.org\/wiki\/Sergei_Dovlatov\">Sergei Dovlatov<\/a>i raamatud, &#171;Jonathan Livingston Seagull&#187; Richard Bach,\u00a0<a href=\"https:\/\/www.youtube.com\/watch?v=mYRtmvQNb1Y\">Arvo P\u00e4rt\u00a0<\/a> <\/span><a href=\"https:\/\/en.wikipedia.org\/wiki\/Carl_Rogers\">Carl Rogers<\/a>, <a href=\"https:\/\/en.wikipedia.org\/wiki\/Gregory_Bateson\">Gregory Bateson<\/a>, <a href=\"https:\/\/en.wikipedia.org\/wiki\/Rumi\">Rumi&#8230;.<\/a><\/p>\n","protected":false},"excerpt":{"rendered":"<p>\u041d\u0435\u043a\u043e\u0442\u043e\u0440\u044b\u0435 \u0441\u0442\u0430\u0442\u044c\u0438 \u0438 \u0438\u043d\u0442\u0435\u0440\u0432\u044c\u044e Ps\u00fchholoog Viktoria Saat: oskus \u00f5igesti puhata on kingitus iseendale \u041f\u0441\u0438\u0445\u043e\u043b\u043e\u0433 \u0412\u0438\u043a\u0442\u043e\u0440\u0438\u044f \u0421\u0430\u0430\u0442: \u041a\u043e\u043b\u043b\u0435\u043a\u0442\u0438\u0432\u043d\u044b\u0435 \u0442\u0440\u0430\u0432\u043c\u044b, &#171;\u0420\u0430\u0431\u043e\u0442\u0430 \u0441 \u041c\u0438\u0440\u043e\u043c&#187;, \u0436\u0438\u0437\u043d\u044c \u0441 \u043f\u0440\u043e\u0442\u0438\u0432\u043e\u043f\u043e\u043b\u043e\u0436\u043d\u043e\u0441\u0442\u044f\u043c\u0438 Usalduse ja seotuse tunde hoidmine meeskonnas (ka virtuaalses) Kuidas luua toimiv tagasiside kultuur? Juhtimislabor \u00c4rip\u00e4eva raadios: &#171;Kas tipus olla on paratamatult \u00fcksildane&#187; Kuidas juht firma tulemusi n\u00f5rgestab.\u00c4rip\u00e4ev Kuidas juht firma tulemusi [&hellip;]<\/p>\n","protected":false},"author":3,"featured_media":0,"parent":0,"menu_order":0,"comment_status":"closed","ping_status":"closed","template":"page3.php","meta":{"_acf_changed":false,"footnotes":""},"class_list":["post-197","page","type-page","status-publish","hentry"],"acf":[],"_links":{"self":[{"href":"https:\/\/www.viktoriasaat.ee\/ru\/wp-json\/wp\/v2\/pages\/197","targetHints":{"allow":["GET"]}}],"collection":[{"href":"https:\/\/www.viktoriasaat.ee\/ru\/wp-json\/wp\/v2\/pages"}],"about":[{"href":"https:\/\/www.viktoriasaat.ee\/ru\/wp-json\/wp\/v2\/types\/page"}],"author":[{"embeddable":true,"href":"https:\/\/www.viktoriasaat.ee\/ru\/wp-json\/wp\/v2\/users\/3"}],"replies":[{"embeddable":true,"href":"https:\/\/www.viktoriasaat.ee\/ru\/wp-json\/wp\/v2\/comments?post=197"}],"version-history":[{"count":10,"href":"https:\/\/www.viktoriasaat.ee\/ru\/wp-json\/wp\/v2\/pages\/197\/revisions"}],"predecessor-version":[{"id":1210,"href":"https:\/\/www.viktoriasaat.ee\/ru\/wp-json\/wp\/v2\/pages\/197\/revisions\/1210"}],"wp:attachment":[{"href":"https:\/\/www.viktoriasaat.ee\/ru\/wp-json\/wp\/v2\/media?parent=197"}],"curies":[{"name":"wp","href":"https:\/\/api.w.org\/{rel}","templated":true}]}}